{"id":4909,"date":"2025-03-16T19:13:38","date_gmt":"2025-03-17T00:13:38","guid":{"rendered":"https:\/\/islafuerteecohouse.com\/?page_id=4909"},"modified":"2025-03-24T19:14:34","modified_gmt":"2025-03-25T00:14:34","slug":"proyecto-las-charcas","status":"publish","type":"page","link":"https:\/\/islafuerteecohouse.com\/en\/proyecto-las-charcas\/","title":{"rendered":"Las Charcas Project"},"content":{"rendered":"\t\t<div data-elementor-type=\"wp-page\" data-elementor-id=\"4909\" class=\"elementor elementor-4909\" data-elementor-post-type=\"page\">\n\t\t\t\t<div class=\"elementor-element elementor-element-2ee5c098 e-flex e-con-boxed wpr-particle-no wpr-jarallax-no wpr-parallax-no wpr-sticky-section-no wpr-equal-height-no tcg-animation-none e-con e-parent\" data-id=\"2ee5c098\" data-element_type=\"container\" data-e-type=\"container\" data-settings=\"{&quot;tc_container_hover_selector&quot;:&quot;container&quot;,&quot;tc_container_background_parallax&quot;:&quot;no&quot;,&quot;tc_smooth_scroll_effects&quot;:&quot;none&quot;,&quot;tc_css_effects&quot;:&quot;none&quot;,&quot;tcg_advanced_hover&quot;:&quot;no&quot;,&quot;tc_container_clip_path&quot;:&quot;none&quot;,&quot;float_cursor&quot;:&quot;no&quot;,&quot;tc_dark_mode_responsive_hide_in_dark&quot;:&quot;no&quot;,&quot;tc_dark_mode_responsive_hide_in_light&quot;:&quot;no&quot;}\">\n\t\t\t\t\t<div class=\"e-con-inner\">\n\t\t\t\t<div class=\"elementor-element elementor-element-ce87136 tcg-animation-none elementor-widget elementor-widget-slider_revolution\" data-id=\"ce87136\" data-element_type=\"widget\" data-e-type=\"widget\" data-settings=\"{&quot;tc_smooth_scroll_effects&quot;:&quot;none&quot;,&quot;tc_css_effects&quot;:&quot;none&quot;,&quot;tc_dark_mode_responsive_hide_in_dark&quot;:&quot;no&quot;,&quot;tc_dark_mode_responsive_hide_in_light&quot;:&quot;no&quot;}\" data-widget_type=\"slider_revolution.default\">\n\t\t\t\t<div class=\"elementor-widget-container\">\n\t\t\t\t\t\n\t\t<div class=\"wp-block-themepunch-revslider\">\n\t\t\t\t<p class=\"rs-p-wp-fix\"><\/p>\n\t\t\t\t<sr7-module data-alias=\"slider-1\" data-id=\"1\" id=\"SR7_1_1\" class=\"rs-ov-hidden\" data-version=\"6.7.28\">\n\t\t\t\t\t<sr7-adjuster><\/sr7-adjuster>\n\t\t\t\t\t<sr7-content>\n\t\t\t\t\t\t<sr7-slide id=\"SR7_1_1-1\" data-key=\"1\">\n\t\t\t\t\t\t<\/sr7-slide>\n\t\t\t\t\t\t<sr7-slide id=\"SR7_1_1-2\" data-key=\"2\">\n\t\t\t\t\t\t<\/sr7-slide>\n\t\t\t\t\t<\/sr7-content>\n\t\t\t\t<\/sr7-module>\n\t\t\t\t<script>\n\t\t\t\t\tSR7.PMH ??={}; SR7.PMH[\"SR7_1_1\"] = {cn:100,state:false,fn: function() { if (_tpt!==undefined && _tpt.prepareModuleHeight !== undefined) {  _tpt.prepareModuleHeight({id:\"SR7_1_1\",el:[800,800,800,800,720],type:'standard',shdw:'0',gh:[800,800,800,800,720],gw:[1920,1920,1920,1920,480],vpt:['-100px&#039;,&#039;-100px&#039;,&#039;-100px&#039;,&#039;-100px&#039;,&#039;-100px'],size:{fullWidth:true, fullHeight:false},mh:'0',onh:0,onw:0,bg:{color:'{\"orig\":\"transparent\",\"type\":\"solid\",\"string\":\"transparent\"}'}});   SR7.PMH[\"SR7_1_1\"].state=true;} else if(SR7.PMH[\"SR7_1_1\"].cn-->0)\tsetTimeout( SR7.PMH[\"SR7_1_1\"].fn,19);}};SR7.PMH[\"SR7_1_1\" ].fn();\n\t\t\t\t<\/script>\n<\/div>\n\n\t\t\t\t\t\t<\/div>\n\t\t\t\t<\/div>\n\t\t<div class=\"elementor-element elementor-element-35f2e441 e-con-full e-flex wpr-particle-no wpr-jarallax-no wpr-parallax-no wpr-sticky-section-no wpr-equal-height-no tcg-animation-none elementor-invisible e-con e-child\" data-id=\"35f2e441\" data-element_type=\"container\" data-e-type=\"container\" data-settings=\"{&quot;background_background&quot;:&quot;classic&quot;,&quot;animation&quot;:&quot;fadeInDown&quot;,&quot;tc_container_hover_selector&quot;:&quot;container&quot;,&quot;tc_container_background_parallax&quot;:&quot;no&quot;,&quot;tc_smooth_scroll_effects&quot;:&quot;none&quot;,&quot;tc_css_effects&quot;:&quot;none&quot;,&quot;tcg_advanced_hover&quot;:&quot;no&quot;,&quot;tc_container_clip_path&quot;:&quot;none&quot;,&quot;float_cursor&quot;:&quot;no&quot;,&quot;tc_dark_mode_responsive_hide_in_dark&quot;:&quot;no&quot;,&quot;tc_dark_mode_responsive_hide_in_light&quot;:&quot;no&quot;}\">\n\t\t<div class=\"elementor-element elementor-element-af03780 e-flex e-con-boxed wpr-particle-no wpr-jarallax-no wpr-parallax-no wpr-sticky-section-no wpr-equal-height-no tcg-animation-none e-con e-child\" data-id=\"af03780\" data-element_type=\"container\" data-e-type=\"container\" data-settings=\"{&quot;tc_container_hover_selector&quot;:&quot;container&quot;,&quot;tc_container_background_parallax&quot;:&quot;no&quot;,&quot;tc_smooth_scroll_effects&quot;:&quot;none&quot;,&quot;tc_css_effects&quot;:&quot;none&quot;,&quot;tcg_advanced_hover&quot;:&quot;no&quot;,&quot;tc_container_clip_path&quot;:&quot;none&quot;,&quot;float_cursor&quot;:&quot;no&quot;,&quot;tc_dark_mode_responsive_hide_in_dark&quot;:&quot;no&quot;,&quot;tc_dark_mode_responsive_hide_in_light&quot;:&quot;no&quot;}\">\n\t\t\t\t\t<div class=\"e-con-inner\">\n\t\t<div class=\"elementor-element elementor-element-3fa97a54 e-con-full e-flex wpr-particle-no wpr-jarallax-no wpr-parallax-no wpr-sticky-section-no wpr-equal-height-no tcg-animation-none e-con e-child\" data-id=\"3fa97a54\" data-element_type=\"container\" data-e-type=\"container\" data-settings=\"{&quot;background_background&quot;:&quot;classic&quot;,&quot;tc_container_hover_selector&quot;:&quot;container&quot;,&quot;tc_container_background_parallax&quot;:&quot;no&quot;,&quot;tc_smooth_scroll_effects&quot;:&quot;none&quot;,&quot;tc_css_effects&quot;:&quot;none&quot;,&quot;tcg_advanced_hover&quot;:&quot;no&quot;,&quot;tc_container_clip_path&quot;:&quot;none&quot;,&quot;float_cursor&quot;:&quot;no&quot;,&quot;tc_dark_mode_responsive_hide_in_dark&quot;:&quot;no&quot;,&quot;tc_dark_mode_responsive_hide_in_light&quot;:&quot;no&quot;}\">\n\t\t\t\t<div class=\"elementor-element elementor-element-60856e80 tcg-animation-none elementor-widget elementor-widget-heading\" data-id=\"60856e80\" data-element_type=\"widget\" data-e-type=\"widget\" data-settings=\"{&quot;tc_smooth_scroll_effects&quot;:&quot;none&quot;,&quot;tc_css_effects&quot;:&quot;none&quot;,&quot;tc_dark_mode_responsive_hide_in_dark&quot;:&quot;no&quot;,&quot;tc_dark_mode_responsive_hide_in_light&quot;:&quot;no&quot;}\" data-widget_type=\"heading.default\">\n\t\t\t\t<div class=\"elementor-widget-container\">\n\t\t\t\t\t<h2 class=\"elementor-heading-title elementor-size-default\">WEB OFICIAL RESERVA CON NOSOTROS AL MEJOR PRECIO <\/h2>\t\t\t\t<\/div>\n\t\t\t\t<\/div>\n\t\t\t\t<\/div>\n\t\t\t\t\t<\/div>\n\t\t\t\t<\/div>\n\t\t\t\t<\/div>\n\t\t\t\t\t<\/div>\n\t\t\t\t<\/div>\n\t\t<div class=\"elementor-element elementor-element-49d575fd e-flex e-con-boxed wpr-particle-no wpr-jarallax-no wpr-parallax-no wpr-sticky-section-no wpr-equal-height-no tcg-animation-none e-con e-parent\" data-id=\"49d575fd\" data-element_type=\"container\" data-e-type=\"container\" data-settings=\"{&quot;background_background&quot;:&quot;classic&quot;,&quot;tc_container_hover_selector&quot;:&quot;container&quot;,&quot;tc_container_background_parallax&quot;:&quot;no&quot;,&quot;tc_smooth_scroll_effects&quot;:&quot;none&quot;,&quot;tc_css_effects&quot;:&quot;none&quot;,&quot;tcg_advanced_hover&quot;:&quot;no&quot;,&quot;tc_container_clip_path&quot;:&quot;none&quot;,&quot;float_cursor&quot;:&quot;no&quot;,&quot;tc_dark_mode_responsive_hide_in_dark&quot;:&quot;no&quot;,&quot;tc_dark_mode_responsive_hide_in_light&quot;:&quot;no&quot;}\">\n\t\t\t\t\t<div class=\"e-con-inner\">\n\t\t<div class=\"elementor-element elementor-element-3607d7d3 e-flex e-con-boxed wpr-particle-no wpr-jarallax-no wpr-parallax-no wpr-sticky-section-no wpr-equal-height-no tcg-animation-none e-con e-child\" data-id=\"3607d7d3\" data-element_type=\"container\" data-e-type=\"container\" data-settings=\"{&quot;tc_container_hover_selector&quot;:&quot;container&quot;,&quot;tc_container_background_parallax&quot;:&quot;no&quot;,&quot;tc_smooth_scroll_effects&quot;:&quot;none&quot;,&quot;tc_css_effects&quot;:&quot;none&quot;,&quot;tcg_advanced_hover&quot;:&quot;no&quot;,&quot;tc_container_clip_path&quot;:&quot;none&quot;,&quot;float_cursor&quot;:&quot;no&quot;,&quot;tc_dark_mode_responsive_hide_in_dark&quot;:&quot;no&quot;,&quot;tc_dark_mode_responsive_hide_in_light&quot;:&quot;no&quot;}\">\n\t\t\t\t\t<div class=\"e-con-inner\">\n\t\t<div class=\"elementor-element elementor-element-4418a0e1 e-con-full e-flex wpr-particle-no wpr-jarallax-no wpr-parallax-no wpr-sticky-section-no wpr-equal-height-no tcg-animation-none elementor-invisible e-con e-child\" data-id=\"4418a0e1\" data-element_type=\"container\" data-e-type=\"container\" data-settings=\"{&quot;animation&quot;:&quot;fadeInUp&quot;,&quot;animation_delay&quot;:200,&quot;tc_container_hover_selector&quot;:&quot;container&quot;,&quot;tc_container_background_parallax&quot;:&quot;no&quot;,&quot;tc_smooth_scroll_effects&quot;:&quot;none&quot;,&quot;tc_css_effects&quot;:&quot;none&quot;,&quot;tcg_advanced_hover&quot;:&quot;no&quot;,&quot;tc_container_clip_path&quot;:&quot;none&quot;,&quot;float_cursor&quot;:&quot;no&quot;,&quot;tc_dark_mode_responsive_hide_in_dark&quot;:&quot;no&quot;,&quot;tc_dark_mode_responsive_hide_in_light&quot;:&quot;no&quot;}\">\n\t\t<div class=\"elementor-element elementor-element-1eca35b4 e-con-full e-flex wpr-particle-no wpr-jarallax-no wpr-parallax-no wpr-sticky-section-no wpr-equal-height-no tcg-animation-none e-con e-child\" data-id=\"1eca35b4\" data-element_type=\"container\" data-e-type=\"container\" data-settings=\"{&quot;tc_container_hover_selector&quot;:&quot;container&quot;,&quot;tc_container_background_parallax&quot;:&quot;no&quot;,&quot;tc_smooth_scroll_effects&quot;:&quot;none&quot;,&quot;tc_css_effects&quot;:&quot;none&quot;,&quot;tcg_advanced_hover&quot;:&quot;no&quot;,&quot;tc_container_clip_path&quot;:&quot;none&quot;,&quot;float_cursor&quot;:&quot;no&quot;,&quot;tc_dark_mode_responsive_hide_in_dark&quot;:&quot;no&quot;,&quot;tc_dark_mode_responsive_hide_in_light&quot;:&quot;no&quot;}\">\n\t\t<div class=\"elementor-element elementor-element-6c01547 e-con-full e-flex wpr-particle-no wpr-jarallax-no wpr-parallax-no wpr-sticky-section-no wpr-equal-height-no tcg-animation-none e-con e-child\" data-id=\"6c01547\" data-element_type=\"container\" data-e-type=\"container\" data-settings=\"{&quot;tc_container_hover_selector&quot;:&quot;container&quot;,&quot;tc_container_background_parallax&quot;:&quot;no&quot;,&quot;tc_smooth_scroll_effects&quot;:&quot;none&quot;,&quot;tc_css_effects&quot;:&quot;none&quot;,&quot;tcg_advanced_hover&quot;:&quot;no&quot;,&quot;tc_container_clip_path&quot;:&quot;none&quot;,&quot;float_cursor&quot;:&quot;no&quot;,&quot;tc_dark_mode_responsive_hide_in_dark&quot;:&quot;no&quot;,&quot;tc_dark_mode_responsive_hide_in_light&quot;:&quot;no&quot;}\">\n\t\t\t\t<div class=\"elementor-element elementor-element-f2dee0e tcg-animation-none elementor-widget elementor-widget-heading\" data-id=\"f2dee0e\" data-element_type=\"widget\" data-e-type=\"widget\" data-settings=\"{&quot;tc_smooth_scroll_effects&quot;:&quot;none&quot;,&quot;tc_css_effects&quot;:&quot;none&quot;,&quot;tc_dark_mode_responsive_hide_in_dark&quot;:&quot;no&quot;,&quot;tc_dark_mode_responsive_hide_in_light&quot;:&quot;no&quot;}\" data-widget_type=\"heading.default\">\n\t\t\t\t<div class=\"elementor-widget-container\">\n\t\t\t\t\t<h2 class=\"elementor-heading-title elementor-size-default\">Proyecto Las Charcas<\/h2>\t\t\t\t<\/div>\n\t\t\t\t<\/div>\n\t\t\t\t<\/div>\n\t\t<div class=\"elementor-element elementor-element-cb6c702 e-con-full e-flex wpr-particle-no wpr-jarallax-no wpr-parallax-no wpr-sticky-section-no wpr-equal-height-no tcg-animation-none e-con e-child\" data-id=\"cb6c702\" data-element_type=\"container\" data-e-type=\"container\" data-settings=\"{&quot;tc_container_hover_selector&quot;:&quot;container&quot;,&quot;tc_container_background_parallax&quot;:&quot;no&quot;,&quot;tc_smooth_scroll_effects&quot;:&quot;none&quot;,&quot;tc_css_effects&quot;:&quot;none&quot;,&quot;tcg_advanced_hover&quot;:&quot;no&quot;,&quot;tc_container_clip_path&quot;:&quot;none&quot;,&quot;float_cursor&quot;:&quot;no&quot;,&quot;tc_dark_mode_responsive_hide_in_dark&quot;:&quot;no&quot;,&quot;tc_dark_mode_responsive_hide_in_light&quot;:&quot;no&quot;}\">\n\t\t\t\t<div class=\"elementor-element elementor-element-056a3d9 tcg-animation-none elementor-widget elementor-widget-heading\" data-id=\"056a3d9\" data-element_type=\"widget\" data-e-type=\"widget\" data-settings=\"{&quot;tc_smooth_scroll_effects&quot;:&quot;none&quot;,&quot;tc_css_effects&quot;:&quot;none&quot;,&quot;tc_dark_mode_responsive_hide_in_dark&quot;:&quot;no&quot;,&quot;tc_dark_mode_responsive_hide_in_light&quot;:&quot;no&quot;}\" data-widget_type=\"heading.default\">\n\t\t\t\t<div class=\"elementor-widget-container\">\n\t\t\t\t\t<h2 class=\"elementor-heading-title elementor-size-default\">Conservaci\u00f3n y valoraci\u00f3n de la fauna y el territorio que habitamos\n<\/h2>\t\t\t\t<\/div>\n\t\t\t\t<\/div>\n\t\t\t\t<\/div>\n\t\t\t\t<\/div>\n\t\t\t\t<\/div>\n\t\t\t\t\t<\/div>\n\t\t\t\t<\/div>\n\t\t\t\t\t<\/div>\n\t\t\t\t<\/div>\n\t\t<div class=\"elementor-element elementor-element-2408020 e-flex e-con-boxed wpr-particle-no wpr-jarallax-no wpr-parallax-no wpr-sticky-section-no wpr-equal-height-no tcg-animation-none e-con e-parent\" data-id=\"2408020\" data-element_type=\"container\" data-e-type=\"container\" data-settings=\"{&quot;background_background&quot;:&quot;classic&quot;,&quot;tc_container_hover_selector&quot;:&quot;container&quot;,&quot;tc_container_background_parallax&quot;:&quot;no&quot;,&quot;tc_smooth_scroll_effects&quot;:&quot;none&quot;,&quot;tc_css_effects&quot;:&quot;none&quot;,&quot;tcg_advanced_hover&quot;:&quot;no&quot;,&quot;tc_container_clip_path&quot;:&quot;none&quot;,&quot;float_cursor&quot;:&quot;no&quot;,&quot;tc_dark_mode_responsive_hide_in_dark&quot;:&quot;no&quot;,&quot;tc_dark_mode_responsive_hide_in_light&quot;:&quot;no&quot;}\">\n\t\t\t\t\t<div class=\"e-con-inner\">\n\t\t<div class=\"elementor-element elementor-element-b194419 e-con-full e-flex wpr-particle-no wpr-jarallax-no wpr-parallax-no wpr-sticky-section-no wpr-equal-height-no tcg-animation-none elementor-invisible e-con e-child\" data-id=\"b194419\" data-element_type=\"container\" data-e-type=\"container\" data-settings=\"{&quot;animation&quot;:&quot;fadeInRight&quot;,&quot;animation_delay&quot;:100,&quot;tc_container_hover_selector&quot;:&quot;container&quot;,&quot;tc_container_background_parallax&quot;:&quot;no&quot;,&quot;tc_smooth_scroll_effects&quot;:&quot;none&quot;,&quot;tc_css_effects&quot;:&quot;none&quot;,&quot;tcg_advanced_hover&quot;:&quot;no&quot;,&quot;tc_container_clip_path&quot;:&quot;none&quot;,&quot;float_cursor&quot;:&quot;no&quot;,&quot;tc_dark_mode_responsive_hide_in_dark&quot;:&quot;no&quot;,&quot;tc_dark_mode_responsive_hide_in_light&quot;:&quot;no&quot;}\">\n\t\t\t\t<div class=\"elementor-element elementor-element-eb429a7 tcg-animation-none elementor-widget elementor-widget-text-editor\" data-id=\"eb429a7\" data-element_type=\"widget\" data-e-type=\"widget\" data-settings=\"{&quot;tc_smooth_scroll_effects&quot;:&quot;none&quot;,&quot;tc_css_effects&quot;:&quot;none&quot;,&quot;tc_dark_mode_responsive_hide_in_dark&quot;:&quot;no&quot;,&quot;tc_dark_mode_responsive_hide_in_light&quot;:&quot;no&quot;}\" data-widget_type=\"text-editor.default\">\n\t\t\t\t<div class=\"elementor-widget-container\">\n\t\t\t\t\t\t\t\t\t<div class=\"elementor-element elementor-element-a7f7984 elementor-widget elementor-widget-text-editor\" data-id=\"a7f7984\" data-element_type=\"widget\" data-widget_type=\"text-editor.default\"><div class=\"elementor-widget-container\"><div class=\"elementor-text-editor elementor-clearfix\"><p><span style=\"font-weight: 400;\">Con el prop\u00f3sito de preservar la naturaleza, el ecosistema del manglar y la fauna que depende de \u00e9l, desarrollamos una iniciativa comprometida con la conservaci\u00f3n ambiental. Como parte de este proyecto, con madera reciclada de las playas, construimos un observatorio dentro de las charcas, dise\u00f1ado para el avistamiento de aves y otras especies en su entorno natural.<\/span><\/p><p><span style=\"font-weight: 400;\">Este esfuerzo ha promovido la conciencia ambiental y ha abierto oportunidades para el desarrollo del aviturismo. Esta actividad sostenible no solo genera ingresos econ\u00f3micos, sino que tambi\u00e9n impulsa la protecci\u00f3n de estos valiosos h\u00e1bitats.<\/span><\/p><\/div><\/div><\/div>\t\t\t\t\t\t\t\t<\/div>\n\t\t\t\t<\/div>\n\t\t\t\t<\/div>\n\t\t<div class=\"elementor-element elementor-element-5ef1abd e-con-full e-flex wpr-particle-no wpr-jarallax-no wpr-parallax-no wpr-equal-height-no tcg-animation-none elementor-invisible e-con e-child\" data-id=\"5ef1abd\" data-element_type=\"container\" data-e-type=\"container\" data-settings=\"{&quot;background_background&quot;:&quot;classic&quot;,&quot;animation&quot;:&quot;fadeInLeft&quot;,&quot;tc_container_hover_selector&quot;:&quot;container&quot;,&quot;tc_container_background_parallax&quot;:&quot;no&quot;,&quot;tc_smooth_scroll_effects&quot;:&quot;none&quot;,&quot;tc_css_effects&quot;:&quot;none&quot;,&quot;tcg_advanced_hover&quot;:&quot;no&quot;,&quot;tc_container_clip_path&quot;:&quot;none&quot;,&quot;float_cursor&quot;:&quot;no&quot;,&quot;tc_dark_mode_responsive_hide_in_dark&quot;:&quot;no&quot;,&quot;tc_dark_mode_responsive_hide_in_light&quot;:&quot;no&quot;}\">\n\t\t\t\t<div class=\"elementor-element elementor-element-989f4a5 tcg-animation-none elementor-widget elementor-widget-image-gallery\" data-id=\"989f4a5\" data-element_type=\"widget\" data-e-type=\"widget\" data-settings=\"{&quot;tc_smooth_scroll_effects&quot;:&quot;none&quot;,&quot;tc_css_effects&quot;:&quot;none&quot;,&quot;tc_dark_mode_responsive_hide_in_dark&quot;:&quot;no&quot;,&quot;tc_dark_mode_responsive_hide_in_light&quot;:&quot;no&quot;}\" data-widget_type=\"image-gallery.default\">\n\t\t\t\t<div class=\"elementor-widget-container\">\n\t\t\t\t\t\t\t<div class=\"elementor-image-gallery\">\n\t\t\t<div id='gallery-1' class='gallery galleryid-4909 gallery-columns-3 gallery-size-thumbnail'><figure class='gallery-item'>\n\t\t\t<div class='gallery-icon landscape'>\n\t\t\t\t<a data-elementor-open-lightbox=\"yes\" data-elementor-lightbox-slideshow=\"989f4a5\" data-elementor-lightbox-title=\"250109_Charcas-3\" data-e-action-hash=\"#elementor-action%3Aaction%3Dlightbox%26settings%3DeyJpZCI6NDkxMSwidXJsIjoiaHR0cHM6XC9cL2lzbGFmdWVydGVlY29ob3VzZS5jb21cL3dwLWNvbnRlbnRcL3VwbG9hZHNcLzIwMjVcLzAzXC8yNTAxMDlfQ2hhcmNhcy0zLXNjYWxlZC5qcGciLCJzbGlkZXNob3ciOiI5ODlmNGE1In0%3D\" href='https:\/\/islafuerteecohouse.com\/wp-content\/uploads\/2025\/03\/250109_Charcas-3-scaled.jpg'><img decoding=\"async\" width=\"150\" height=\"150\" src=\"https:\/\/islafuerteecohouse.com\/wp-content\/uploads\/2025\/03\/250109_Charcas-3-150x150.jpg\" class=\"attachment-thumbnail size-thumbnail\" alt=\"\" \/><\/a>\n\t\t\t<\/div><\/figure><figure class='gallery-item'>\n\t\t\t<div class='gallery-icon landscape'>\n\t\t\t\t<a data-elementor-open-lightbox=\"yes\" data-elementor-lightbox-slideshow=\"989f4a5\" data-elementor-lightbox-title=\"DJI_0679\" data-e-action-hash=\"#elementor-action%3Aaction%3Dlightbox%26settings%3DeyJpZCI6NDkxMywidXJsIjoiaHR0cHM6XC9cL2lzbGFmdWVydGVlY29ob3VzZS5jb21cL3dwLWNvbnRlbnRcL3VwbG9hZHNcLzIwMjVcLzAzXC9ESklfMDY3OS5qcGciLCJzbGlkZXNob3ciOiI5ODlmNGE1In0%3D\" href='https:\/\/islafuerteecohouse.com\/wp-content\/uploads\/2025\/03\/DJI_0679.jpg'><img decoding=\"async\" width=\"150\" height=\"150\" src=\"https:\/\/islafuerteecohouse.com\/wp-content\/uploads\/2025\/03\/DJI_0679-150x150.jpg\" class=\"attachment-thumbnail size-thumbnail\" alt=\"\" \/><\/a>\n\t\t\t<\/div><\/figure><figure class='gallery-item'>\n\t\t\t<div class='gallery-icon landscape'>\n\t\t\t\t<a data-elementor-open-lightbox=\"yes\" data-elementor-lightbox-slideshow=\"989f4a5\" data-elementor-lightbox-title=\"250109_Charcas-5\" data-e-action-hash=\"#elementor-action%3Aaction%3Dlightbox%26settings%3DeyJpZCI6NDkxMiwidXJsIjoiaHR0cHM6XC9cL2lzbGFmdWVydGVlY29ob3VzZS5jb21cL3dwLWNvbnRlbnRcL3VwbG9hZHNcLzIwMjVcLzAzXC8yNTAxMDlfQ2hhcmNhcy01LXNjYWxlZC5qcGciLCJzbGlkZXNob3ciOiI5ODlmNGE1In0%3D\" href='https:\/\/islafuerteecohouse.com\/wp-content\/uploads\/2025\/03\/250109_Charcas-5-scaled.jpg'><img decoding=\"async\" width=\"150\" height=\"150\" src=\"https:\/\/islafuerteecohouse.com\/wp-content\/uploads\/2025\/03\/250109_Charcas-5-150x150.jpg\" class=\"attachment-thumbnail size-thumbnail\" alt=\"\" \/><\/a>\n\t\t\t<\/div><\/figure><figure class='gallery-item'>\n\t\t\t<div class='gallery-icon landscape'>\n\t\t\t\t<a data-elementor-open-lightbox=\"yes\" data-elementor-lightbox-slideshow=\"989f4a5\" data-elementor-lightbox-title=\"DJI_0818\" data-e-action-hash=\"#elementor-action%3Aaction%3Dlightbox%26settings%3DeyJpZCI6NDkxNywidXJsIjoiaHR0cHM6XC9cL2lzbGFmdWVydGVlY29ob3VzZS5jb21cL3dwLWNvbnRlbnRcL3VwbG9hZHNcLzIwMjVcLzAzXC9ESklfMDgxOC5qcGciLCJzbGlkZXNob3ciOiI5ODlmNGE1In0%3D\" href='https:\/\/islafuerteecohouse.com\/wp-content\/uploads\/2025\/03\/DJI_0818.jpg'><img loading=\"lazy\" decoding=\"async\" width=\"150\" height=\"150\" src=\"https:\/\/islafuerteecohouse.com\/wp-content\/uploads\/2025\/03\/DJI_0818-150x150.jpg\" class=\"attachment-thumbnail size-thumbnail\" alt=\"\" \/><\/a>\n\t\t\t<\/div><\/figure><figure class='gallery-item'>\n\t\t\t<div class='gallery-icon landscape'>\n\t\t\t\t<a data-elementor-open-lightbox=\"yes\" data-elementor-lightbox-slideshow=\"989f4a5\" data-elementor-lightbox-title=\"DJI_0702\" data-e-action-hash=\"#elementor-action%3Aaction%3Dlightbox%26settings%3DeyJpZCI6NDkxNiwidXJsIjoiaHR0cHM6XC9cL2lzbGFmdWVydGVlY29ob3VzZS5jb21cL3dwLWNvbnRlbnRcL3VwbG9hZHNcLzIwMjVcLzAzXC9ESklfMDcwMi5qcGciLCJzbGlkZXNob3ciOiI5ODlmNGE1In0%3D\" href='https:\/\/islafuerteecohouse.com\/wp-content\/uploads\/2025\/03\/DJI_0702.jpg'><img loading=\"lazy\" decoding=\"async\" width=\"150\" height=\"150\" src=\"https:\/\/islafuerteecohouse.com\/wp-content\/uploads\/2025\/03\/DJI_0702-150x150.jpg\" class=\"attachment-thumbnail size-thumbnail\" alt=\"\" \/><\/a>\n\t\t\t<\/div><\/figure><figure class='gallery-item'>\n\t\t\t<div class='gallery-icon landscape'>\n\t\t\t\t<a data-elementor-open-lightbox=\"yes\" data-elementor-lightbox-slideshow=\"989f4a5\" data-elementor-lightbox-title=\"DJI_0688\" data-e-action-hash=\"#elementor-action%3Aaction%3Dlightbox%26settings%3DeyJpZCI6NDkxNSwidXJsIjoiaHR0cHM6XC9cL2lzbGFmdWVydGVlY29ob3VzZS5jb21cL3dwLWNvbnRlbnRcL3VwbG9hZHNcLzIwMjVcLzAzXC9ESklfMDY4OC5qcGciLCJzbGlkZXNob3ciOiI5ODlmNGE1In0%3D\" href='https:\/\/islafuerteecohouse.com\/wp-content\/uploads\/2025\/03\/DJI_0688.jpg'><img loading=\"lazy\" decoding=\"async\" width=\"150\" height=\"150\" src=\"https:\/\/islafuerteecohouse.com\/wp-content\/uploads\/2025\/03\/DJI_0688-150x150.jpg\" class=\"attachment-thumbnail size-thumbnail\" alt=\"\" \/><\/a>\n\t\t\t<\/div><\/figure>\n\t\t<\/div>\n\t\t<\/div>\n\t\t\t\t\t\t<\/div>\n\t\t\t\t<\/div>\n\t\t\t\t<\/div>\n\t\t\t\t\t<\/div>\n\t\t\t\t<\/div>\n\t\t\t\t<\/div>\n\t\t","protected":false},"excerpt":{"rendered":"<p>WEB OFICIAL RESERVA CON NOSOTROS AL MEJOR PRECIO Proyecto Las Charcas Conservaci\u00f3n y valoraci\u00f3n de la fauna y el territorio que habitamos Con el prop\u00f3sito de preservar la naturaleza, el ecosistema del manglar y la fauna que depende de \u00e9l, desarrollamos una iniciativa comprometida con la conservaci\u00f3n ambiental. Como parte de este proyecto, con madera reciclada de las playas, construimos un observatorio dentro de las charcas, dise\u00f1ado para el avistamiento de aves y otras especies en su entorno natural. Este esfuerzo ha promovido la conciencia ambiental y ha abierto oportunidades para el desarrollo del aviturismo. Esta actividad sostenible no solo genera ingresos econ\u00f3micos, sino que tambi\u00e9n impulsa la protecci\u00f3n de estos valiosos h\u00e1bitats.<\/p>","protected":false},"author":1,"featured_media":0,"parent":0,"menu_order":0,"comment_status":"closed","ping_status":"closed","template":"blank-builder.php","meta":{"footnotes":""},"class_list":["post-4909","page","type-page","status-publish","hentry"],"_links":{"self":[{"href":"https:\/\/islafuerteecohouse.com\/en\/wp-json\/wp\/v2\/pages\/4909","targetHints":{"allow":["GET"]}}],"collection":[{"href":"https:\/\/islafuerteecohouse.com\/en\/wp-json\/wp\/v2\/pages"}],"about":[{"href":"https:\/\/islafuerteecohouse.com\/en\/wp-json\/wp\/v2\/types\/page"}],"author":[{"embeddable":true,"href":"https:\/\/islafuerteecohouse.com\/en\/wp-json\/wp\/v2\/users\/1"}],"replies":[{"embeddable":true,"href":"https:\/\/islafuerteecohouse.com\/en\/wp-json\/wp\/v2\/comments?post=4909"}],"version-history":[{"count":10,"href":"https:\/\/islafuerteecohouse.com\/en\/wp-json\/wp\/v2\/pages\/4909\/revisions"}],"predecessor-version":[{"id":4966,"href":"https:\/\/islafuerteecohouse.com\/en\/wp-json\/wp\/v2\/pages\/4909\/revisions\/4966"}],"wp:attachment":[{"href":"https:\/\/islafuerteecohouse.com\/en\/wp-json\/wp\/v2\/media?parent=4909"}],"curies":[{"name":"wp","href":"https:\/\/api.w.org\/{rel}","templated":true}]}}